{"id":70,"date":"2015-01-05T16:03:28","date_gmt":"2015-01-05T14:03:28","guid":{"rendered":"http:\/\/www.kreisquadratur.at\/wordpress\/?page_id=70"},"modified":"2021-02-07T15:32:45","modified_gmt":"2021-02-07T13:32:45","slug":"michael-renath-kompositionideekonzept","status":"publish","type":"page","link":"https:\/\/www.kreisquadratur.at\/wordpress\/?page_id=70","title":{"rendered":"Michael RENATH, Komposition\/Konzept Regie"},"content":{"rendered":"<p>geboren in Paris<br \/>\nlebt und arbeitet in Wien im Bereich Jazz-Performance-Film und Theatermusik<\/p>\n<p>Ausbildung am Musikkonservatorium der Stadt Wien &#8211; Jazz Arrangment und Klavier<br \/>\nTonmeisterausbildung an der Hochschule f\u00fcr Musik und Darstellende Kunst, Wien<br \/>\nJazzkomposition am Brucknerkonservatorium Linz<\/p>\n<p>Theaterkompositionen f\u00fcr\u00a0 Wiener Festwochen, Volkstheater Wien, Schloss-Spiele Kobersdorf,Theater der Jugend Wien, Landestheater Kiel, Freies Werkstadttheater K\u00f6ln, Tanztheater Amsterdam, Theater Potsdam, Stadthaus Ulm, Stadttheater Klagenfurt, Sommerspiele Melk, Dietheater Wien.<\/p>\n<p>Musikkompositionen f\u00fcr Urauff\u00fchrungen der Autoren Franzobel und Klaus Haberl.<\/p>\n<p>Zusammenarbeit mit Patrick Guinand, Alexander Kubelka, Hagnot Elischka, Nikolaus B\u00fcchel, Ludwig W\u00fcst, Michael Ramsauer, Florian Ladst\u00e4tter, Iris Sofka, Dieter Berner, Christoph Cech, Richard Oesterreicher, Hans Salomon, Robby Lederer, Juergen Groezinger uvm.<\/p>\n","protected":false},"excerpt":{"rendered":"<p>geboren in Paris lebt und arbeitet in Wien im Bereich Jazz-Performance-Film und Theatermusik Ausbildung am Musikkonservatorium der Stadt Wien &#8211; Jazz Arrangment und Klavier Tonmeisterausbildung an der Hochschule f\u00fcr Musik und Darstellende Kunst, Wien Jazzkomposition am Brucknerkonservatorium Linz Theaterkompositionen f\u00fcr\u00a0 Wiener Festwochen, Volkstheater Wien, Schloss-Spiele Kobersdorf,Theater der Jugend Wien, Landestheater Kiel, Freies Werkstadttheater K\u00f6ln, Tanztheater [&hellip;]<\/p>\n","protected":false},"author":1,"featured_media":0,"parent":0,"menu_order":0,"comment_status":"closed","ping_status":"closed","template":"","meta":{"_coblocks_attr":"","_coblocks_dimensions":"","_coblocks_responsive_height":"","_coblocks_accordion_ie_support":"","footnotes":""},"class_list":["post-70","page","type-page","status-publish","hentry"],"_links":{"self":[{"href":"https:\/\/www.kreisquadratur.at\/wordpress\/index.php?rest_route=\/wp\/v2\/pages\/70","targetHints":{"allow":["GET"]}}],"collection":[{"href":"https:\/\/www.kreisquadratur.at\/wordpress\/index.php?rest_route=\/wp\/v2\/pages"}],"about":[{"href":"https:\/\/www.kreisquadratur.at\/wordpress\/index.php?rest_route=\/wp\/v2\/types\/page"}],"author":[{"embeddable":true,"href":"https:\/\/www.kreisquadratur.at\/wordpress\/index.php?rest_route=\/wp\/v2\/users\/1"}],"replies":[{"embeddable":true,"href":"https:\/\/www.kreisquadratur.at\/wordpress\/index.php?rest_route=%2Fwp%2Fv2%2Fcomments&post=70"}],"version-history":[{"count":13,"href":"https:\/\/www.kreisquadratur.at\/wordpress\/index.php?rest_route=\/wp\/v2\/pages\/70\/revisions"}],"predecessor-version":[{"id":696,"href":"https:\/\/www.kreisquadratur.at\/wordpress\/index.php?rest_route=\/wp\/v2\/pages\/70\/revisions\/696"}],"wp:attachment":[{"href":"https:\/\/www.kreisquadratur.at\/wordpress\/index.php?rest_route=%2Fwp%2Fv2%2Fmedia&parent=70"}],"curies":[{"name":"wp","href":"https:\/\/api.w.org\/{rel}","templated":true}]}}