{"id":68,"date":"2015-01-05T16:03:04","date_gmt":"2015-01-05T14:03:04","guid":{"rendered":"http:\/\/www.kreisquadratur.at\/wordpress\/?page_id=68"},"modified":"2022-09-11T13:09:51","modified_gmt":"2022-09-11T11:09:51","slug":"susanne-lindlar-regietextkonzept","status":"publish","type":"page","link":"https:\/\/www.kreisquadratur.at\/wordpress\/?page_id=68","title":{"rendered":"WANDA Buschmann, Musikerin\/Autorin"},"content":{"rendered":"\n<h2 class=\"wp-block-heading\">Lebenslauf von Wanda Buschmann<\/h2>\n\n\n\n<p>*1967, dipl. Sozialp\u00e4dagogin: Schwerpunkt famili\u00e4re Krisenintervention, inkl psychiatrische Problematiken <\/p>\n\n\n\n<p>lebt in Wien, aber auch in den Bergen und manchmal auch am Wei\u00dfensee.<\/p>\n\n\n\n<p>K\u00fcnstlerische T\u00e4tigkeiten: Gesang, Schauspiel, Kabarett, Bildgestaltung, Schmuckdesign, Schreiben von Theaterst\u00fccken, Song-Texten, Song-\u00dcbersetzungen Langj\u00e4hrige Besch\u00e4ftigung mit der toltekischen Bewusstseinslehre<\/p>\n","protected":false},"excerpt":{"rendered":"<p>Lebenslauf von Wanda Buschmann *1967, dipl. Sozialp\u00e4dagogin: Schwerpunkt famili\u00e4re Krisenintervention, inkl psychiatrische Problematiken lebt in Wien, aber auch in den Bergen und manchmal auch am Wei\u00dfensee. K\u00fcnstlerische T\u00e4tigkeiten: Gesang, Schauspiel, Kabarett, Bildgestaltung, Schmuckdesign, Schreiben von Theaterst\u00fccken, Song-Texten, Song-\u00dcbersetzungen Langj\u00e4hrige Besch\u00e4ftigung mit der toltekischen Bewusstseinslehre<\/p>\n","protected":false},"author":1,"featured_media":0,"parent":0,"menu_order":0,"comment_status":"closed","ping_status":"closed","template":"","meta":{"_coblocks_attr":"","_coblocks_dimensions":"","_coblocks_responsive_height":"","_coblocks_accordion_ie_support":"","footnotes":""},"class_list":["post-68","page","type-page","status-publish","hentry"],"_links":{"self":[{"href":"https:\/\/www.kreisquadratur.at\/wordpress\/index.php?rest_route=\/wp\/v2\/pages\/68","targetHints":{"allow":["GET"]}}],"collection":[{"href":"https:\/\/www.kreisquadratur.at\/wordpress\/index.php?rest_route=\/wp\/v2\/pages"}],"about":[{"href":"https:\/\/www.kreisquadratur.at\/wordpress\/index.php?rest_route=\/wp\/v2\/types\/page"}],"author":[{"embeddable":true,"href":"https:\/\/www.kreisquadratur.at\/wordpress\/index.php?rest_route=\/wp\/v2\/users\/1"}],"replies":[{"embeddable":true,"href":"https:\/\/www.kreisquadratur.at\/wordpress\/index.php?rest_route=%2Fwp%2Fv2%2Fcomments&post=68"}],"version-history":[{"count":30,"href":"https:\/\/www.kreisquadratur.at\/wordpress\/index.php?rest_route=\/wp\/v2\/pages\/68\/revisions"}],"predecessor-version":[{"id":41275,"href":"https:\/\/www.kreisquadratur.at\/wordpress\/index.php?rest_route=\/wp\/v2\/pages\/68\/revisions\/41275"}],"wp:attachment":[{"href":"https:\/\/www.kreisquadratur.at\/wordpress\/index.php?rest_route=%2Fwp%2Fv2%2Fmedia&parent=68"}],"curies":[{"name":"wp","href":"https:\/\/api.w.org\/{rel}","templated":true}]}}