{"id":55,"date":"2015-01-05T11:33:15","date_gmt":"2015-01-05T09:33:15","guid":{"rendered":"http:\/\/www.kreisquadratur.at\/wordpress\/?page_id=55"},"modified":"2020-07-11T20:55:12","modified_gmt":"2020-07-11T18:55:12","slug":"theater-kq","status":"publish","type":"page","link":"https:\/\/www.kreisquadratur.at\/wordpress\/?page_id=55","title":{"rendered":"Theater KQ"},"content":{"rendered":"<p style=\"padding-left: 60px; text-align: justify;\">Das Theater KreisQuadratur entstand irgendwann zu Beginn des 21. Jahrhunderts.<\/p>\n<p style=\"padding-left: 60px; text-align: justify;\">Seit dieser Entstehung wird \u00fcberlegt und entwickelt, eingereicht und nach M\u00f6glichkeiten gesucht, das anzusprechende Publikum und die Gesellschaft zu treffen und Treffendes und zu-treffendes zu zeigen.<\/p>\n<p style=\"padding-left: 60px; text-align: justify;\">Wir konfrontieren uns allgemein mit Fragen, die uns selbst begegnen und betreffen, wie auch &#8211; wie wir meinen &#8211; gesellschaftliche Relevanz haben oder zumindest individuelle. Welche Positionen nehmen wir, jeder einzelne Mensch, im &#8222;System Gesellschaft&#8220; ein, wieweit sind wir in es verwoben, pr\u00e4gen es mit und wieweit sind wir in das System eingebunden und von diesem abh\u00e4ngig?<\/p>\n<p style=\"padding-left: 60px; text-align: justify;\">In einer Welt des Umbruchs bzw. des \u00dcbergangs von einem Zustand in einen anderen Zustand in dem technische Hilfsmittel, Internet, st\u00e4ndige Kommunikation und Erreichbarkeit unsere Wahrnehmung von &#8222;Welt&#8220; bzw. unsere Realit\u00e4t st\u00e4rker als bisher pr\u00e4gen, sind f\u00fcr uns die Themen Umbruch, \u00dcbergang und Erneuerung zentrale Elemente.<\/p>\n<p style=\"padding-left: 60px; text-align: justify;\">Wir wollen uns daf\u00fcr in Einzelmomente vertiefen und eine \u00e4sthetische Ann\u00e4herung an den Nullpunkt vornehmen. An den Augenblick, an dem scheinbar nichts mehr geschieht, nichts mehr geschehen kann, bis der \u201eFunke\u201c eine Kernspaltung, eine Lawine, einen Waldbrand schlicht eine Katastrophe ausl\u00f6st.<\/p>\n<p style=\"padding-left: 60px; text-align: justify;\">Werden wir dann immer noch vor unseren Bildschirmen sitzen und zusehen wie uns die \u201eWelt\u201c vor unseren Augen abhanden kommt?<\/p>\n<p style=\"padding-left: 60px; text-align: justify;\">Kontakt: kreisquadratur.office[at]gmx.at<\/p>\n\n\n<p><\/p>\n","protected":false},"excerpt":{"rendered":"<p>Das Theater KreisQuadratur entstand irgendwann zu Beginn des 21. Jahrhunderts. Seit dieser Entstehung wird \u00fcberlegt und entwickelt, eingereicht und nach M\u00f6glichkeiten gesucht, das anzusprechende Publikum und die Gesellschaft zu treffen und Treffendes und zu-treffendes zu zeigen. Wir konfrontieren uns allgemein mit Fragen, die uns selbst begegnen und betreffen, wie auch &#8211; wie wir meinen &#8211; [&hellip;]<\/p>\n","protected":false},"author":1,"featured_media":0,"parent":0,"menu_order":0,"comment_status":"closed","ping_status":"closed","template":"","meta":{"_coblocks_attr":"","_coblocks_dimensions":"","_coblocks_responsive_height":"","_coblocks_accordion_ie_support":"","footnotes":""},"class_list":["post-55","page","type-page","status-publish","hentry"],"_links":{"self":[{"href":"https:\/\/www.kreisquadratur.at\/wordpress\/index.php?rest_route=\/wp\/v2\/pages\/55","targetHints":{"allow":["GET"]}}],"collection":[{"href":"https:\/\/www.kreisquadratur.at\/wordpress\/index.php?rest_route=\/wp\/v2\/pages"}],"about":[{"href":"https:\/\/www.kreisquadratur.at\/wordpress\/index.php?rest_route=\/wp\/v2\/types\/page"}],"author":[{"embeddable":true,"href":"https:\/\/www.kreisquadratur.at\/wordpress\/index.php?rest_route=\/wp\/v2\/users\/1"}],"replies":[{"embeddable":true,"href":"https:\/\/www.kreisquadratur.at\/wordpress\/index.php?rest_route=%2Fwp%2Fv2%2Fcomments&post=55"}],"version-history":[{"count":13,"href":"https:\/\/www.kreisquadratur.at\/wordpress\/index.php?rest_route=\/wp\/v2\/pages\/55\/revisions"}],"predecessor-version":[{"id":484,"href":"https:\/\/www.kreisquadratur.at\/wordpress\/index.php?rest_route=\/wp\/v2\/pages\/55\/revisions\/484"}],"wp:attachment":[{"href":"https:\/\/www.kreisquadratur.at\/wordpress\/index.php?rest_route=%2Fwp%2Fv2%2Fmedia&parent=55"}],"curies":[{"name":"wp","href":"https:\/\/api.w.org\/{rel}","templated":true}]}}