{"id":282,"date":"2015-09-05T12:15:48","date_gmt":"2015-09-05T10:15:48","guid":{"rendered":"http:\/\/www.kreisquadratur.at\/wordpress\/?page_id=282"},"modified":"2021-02-08T23:45:23","modified_gmt":"2021-02-08T21:45:23","slug":"agonie-des-realen","status":"publish","type":"page","link":"https:\/\/www.kreisquadratur.at\/wordpress\/?page_id=282","title":{"rendered":"Agonie des Realen"},"content":{"rendered":"<p>Unser Erstprojekt. Unter dem Titel &#8222;Der k\u00fcrzeste Tag&#8220; konnten Kurzfilme f\u00fcr <a href=\"http:\/\/(http:\/\/www.arte.tv\/de\/21-12-12-der-kuerzeste-tag\/1739256,CmC=3554712.html)\">art<\/a><a href=\"http:\/\/(http:\/\/www.arte.tv\/de\/21-12-12-der-kuerzeste-tag\/1739256,CmC=3554712.html)\">e<\/a> produziert werden:<\/p>\n<p>Eine junge Frau, in einer ihr vertrauten und dann immer r\u00e4tselhafter werdenden Umgebung, gerade noch sich selbst inszenierend, findet sie sich als Gefangene wieder &#8211; aber wovon gefangen, oder doch nicht?<\/p>\n<p>Diesen Erkenntnisprozess zeigt &#8222;Agonie des Realen&#8220;.<\/p>\n<p>Darstellerin: <strong>Tina HALLER<\/strong><br \/>\nRegie\/Buch\/Musik: <strong>Michael RENATH<\/strong><br \/>\nAtmosph\u00e4re\/Philosophie\/Dramaturgie: <strong>Tanja PEBALL<\/strong><br \/>\nAusstattung, Maske, Beratung &#8211; <strong>Wanda BUSCHMANN<\/strong><br \/>\n<strong>Christian BUSCHMANN<\/strong><\/p>\n<p>Dank geht Raus an Jean Baudrillard<\/p>\n<p><iframe loading=\"lazy\" title=\"Agonie des Realen\" src=\"https:\/\/player.vimeo.com\/video\/111203823?dnt=1&amp;app_id=122963\" width=\"640\" height=\"480\" frameborder=\"0\" allow=\"autoplay; fullscreen; picture-in-picture\" allowfullscreen><\/iframe><\/p>\n","protected":false},"excerpt":{"rendered":"<p>Unser Erstprojekt. Unter dem Titel &#8222;Der k\u00fcrzeste Tag&#8220; konnten Kurzfilme f\u00fcr arte produziert werden: Eine junge Frau, in einer ihr vertrauten und dann immer r\u00e4tselhafter werdenden Umgebung, gerade noch sich selbst inszenierend, findet sie sich als Gefangene wieder &#8211; aber wovon gefangen, oder doch nicht? Diesen Erkenntnisprozess zeigt &#8222;Agonie des Realen&#8220;. Darstellerin: Tina HALLER Regie\/Buch\/Musik: [&hellip;]<\/p>\n","protected":false},"author":1,"featured_media":0,"parent":0,"menu_order":0,"comment_status":"closed","ping_status":"closed","template":"","meta":{"_coblocks_attr":"","_coblocks_dimensions":"","_coblocks_responsive_height":"","_coblocks_accordion_ie_support":"","footnotes":""},"class_list":["post-282","page","type-page","status-publish","hentry"],"_links":{"self":[{"href":"https:\/\/www.kreisquadratur.at\/wordpress\/index.php?rest_route=\/wp\/v2\/pages\/282","targetHints":{"allow":["GET"]}}],"collection":[{"href":"https:\/\/www.kreisquadratur.at\/wordpress\/index.php?rest_route=\/wp\/v2\/pages"}],"about":[{"href":"https:\/\/www.kreisquadratur.at\/wordpress\/index.php?rest_route=\/wp\/v2\/types\/page"}],"author":[{"embeddable":true,"href":"https:\/\/www.kreisquadratur.at\/wordpress\/index.php?rest_route=\/wp\/v2\/users\/1"}],"replies":[{"embeddable":true,"href":"https:\/\/www.kreisquadratur.at\/wordpress\/index.php?rest_route=%2Fwp%2Fv2%2Fcomments&post=282"}],"version-history":[{"count":9,"href":"https:\/\/www.kreisquadratur.at\/wordpress\/index.php?rest_route=\/wp\/v2\/pages\/282\/revisions"}],"predecessor-version":[{"id":714,"href":"https:\/\/www.kreisquadratur.at\/wordpress\/index.php?rest_route=\/wp\/v2\/pages\/282\/revisions\/714"}],"wp:attachment":[{"href":"https:\/\/www.kreisquadratur.at\/wordpress\/index.php?rest_route=%2Fwp%2Fv2%2Fmedia&parent=282"}],"curies":[{"name":"wp","href":"https:\/\/api.w.org\/{rel}","templated":true}]}}