{"id":263,"date":"2015-09-03T18:42:13","date_gmt":"2015-09-03T16:42:13","guid":{"rendered":"http:\/\/www.kreisquadratur.at\/wordpress\/?page_id=263"},"modified":"2021-01-19T14:40:56","modified_gmt":"2021-01-19T12:40:56","slug":"maha-karuna","status":"publish","type":"page","link":"https:\/\/www.kreisquadratur.at\/wordpress\/?page_id=263","title":{"rendered":"Maha Karuna oder WE are NOT part of my Liebesleben"},"content":{"rendered":"<h3 style=\"text-align: center;\">Ein H\u00f6rtheaterst\u00fcck von Theater KreisQuadratur<\/h3>\n<p style=\"text-align: center;\"><strong>K: <a href=\"http:\/\/www.katringrumeth.com\/\">Katrin Grumeth<\/a><\/strong><\/p>\n<p style=\"text-align: center;\">stumme Figur: Wanda Buschmann | Gesang: <a href=\"https:\/\/www.youtube.com\/watch?v=KxKQbEXuJAM\">Gloria Amesbauer <\/a>| Stimme aus dem Radio: <a href=\"https:\/\/de.wikipedia.org\/wiki\/Julia_Cencig\">Julia Cencig<\/a> |<\/p>\n<p style=\"text-align: center;\">\n<p style=\"text-align: center;\">Konzept\/Musik\/Regie: Michael Renath |<\/p>\n<p style=\"text-align: center;\">Text\/Dramaturgie: <a href=\"http:\/\/www.tanja-peball.at\/\">Tanja Peball <\/a>|<\/p>\n<p style=\"text-align: center;\">B\u00fchne\/ Raum: Hanno Fr\u00f6hlich | Toneinrichtung\/Tontechnik: Sabrina Makula | Kost\u00fcm: Wanda Buschmann | Maske: Julia Gajdul |<\/p>\n<p style=\"text-align: center;\">Regieassistentin: Anna Flament | Teamassistenz: Cornelia Schobert<\/p>\n<h4 style=\"text-align: center;\"><strong>Urauff\u00fchrung am 8. November 2016 im <a href=\"http:\/\/www.kosmostheater.at\/cgi-bin\/kosmos\/event\/event.pl?id=290\">Kosmos Theater <\/a>, Auff\u00fchrung am 9. November im Kosmos Theater<\/strong><\/h4>\n<p><iframe loading=\"lazy\" title=\"Maha Karuna_Zug\" src=\"https:\/\/player.vimeo.com\/video\/185999775?dnt=1&amp;app_id=122963\" width=\"980\" height=\"551\" frameborder=\"0\" allow=\"autoplay; fullscreen; picture-in-picture\" allowfullscreen><\/iframe><\/p>\n<h4 style=\"text-align: justify;\">Maha Karuna oder \u201eWe are NOT part of my Liebesleben\u201c, zeigt ein zwanghaftes, zirkul\u00e4res Dasein, dass sich scheinbar unaufhaltsam gegen sich selbst richtet &#8211; am Ende f\u00fchlt man sich \u2013 gleich den AkteurInnen \u2013 in einer Schleife gefangen und ist zu der Frage gezwungen: Wo stehe ich eigentlich?\u201c<\/h4>\n<p style=\"text-align: justify;\">Wo verlaufen meine Spuren? Wo ist mein finales Zeichen? K folgt ihrer Geschichte entsprechend einer bestimmten soziokulturellen Pr\u00e4gung von Weiblichkeit: ihre Erfahrungen in der Vergangenheit f\u00fchrten bei K zu einer Form von Selbstverlust und Selbstentfremdung. Um dieser Identit\u00e4tsproblematik, die sich psychisch wie auch physisch auf sie selbst auswirkt, zu entgehen, beginnt K sich gegen sich selbst zu richten: zum Selbstschutz kreiert sie eine Aufspaltung in K1 und K2. Diese Taktik, die lange Zeit funktionierte und ihr \u201edie Wahrheit vom Leibe gehalten hat\u201c, bricht j\u00e4h zusammen: K muss sich der Situation stellen. Themen, die von jeher kulturell das Frauenbild pr\u00e4gen, wiederholen sich in K&#8217;s Handlungsmuster: Aufopferung, Selbstwertverlust und Selbstvergessenheit zugunsten der Lebensentw\u00fcrfe Anderer (subjektiv und global).<\/p>\n<p style=\"text-align: justify;\">Das St\u00fcck erz\u00e4hlt vom Kreisen des Ich um sich selbst, das kein Au\u00dfen mehr wahrnimmt, sich nur auf seine eigenen Interpretationen verl\u00e4sst und keine anderen zul\u00e4sst \u2013 auch hier fest in einer Schleife gefangen. Der Bruch mit der Realit\u00e4t wird unertr\u00e4glich, K f\u00fchlt sich von ihrer eigenen Interpretation immer wieder nur aufs Neue best\u00e4tigt \u2013 ein unendlicher Regress, ein Zirkel. Sie h\u00f6rt nicht zu, h\u00f6rt nicht hin, will nicht sehen. K wird nicht dazu getrieben, sie l\u00e4sst sich dazu treiben. Das betrifft sie als Einzelperson, wie auch die Gesellschaft, die sich in einer ausweglosen Situation meint. Der Bruch geht ebenso durch sie selbst, sowie er durch die Gesellschaft geht. Ihr m\u00f6glicher Tod, wie auch der Tod der Gesellschaft vereint sich in dem Satz von Ingeborg Bachmann: \u201ees war Mord&#8230;\u201c.<br \/>\nDurch das gesamte St\u00fcck zieht sich eine absurde Grundstimmung, welche die innere Verlorenheit der Hauptfigur (K1+K2) beschreibt. Alle Theatermittel sollen diesen inneren Ort jenseits der realen allt\u00e4glichen Umgebung verst\u00e4rken. Das Zusammenspiel der visuellen und auditiven Elemente wird zu einer poetischen Atmosph\u00e4re, die sich stets im Wandel befindet und so als sehr br\u00fcchig und ephemer erscheint.<\/p>\n<h4 style=\"text-align: justify;\"><strong>THEATER als H\u00d6RRAUM<\/strong><\/h4>\n<p style=\"text-align: justify;\">Wir vollziehen in unserem St\u00fcck eine Reduktion des Sehens zugunsten des H\u00f6rens und m\u00f6chten dadurch ein holistisches Wahrnehmungserlebnis erzeugen, und ein Erleben, dass f\u00f6rmlich \u201eunter-die-Haut-geht\u201c herstellen. Dabei ist das Ziel eine erh\u00f6hte k\u00f6rperliche Intensit\u00e4t innerhalb des Wahrnehmungsprozesses. Durch reduzierte optische Aktionen oder gedimmtes Licht wird der H\u00f6reindruck in bestimmten Szenen noch verst\u00e4rkt und so ein szenisch-akustisches Trennen von Raumebenen und Handlungseinheiten vollzogen und erfahrbar.<\/p>\n<p style=\"text-align: justify;\">Zur Sprach\u00e4sthetik und zur Einf\u00fchlung in die Atmosph\u00e4re von &#8222;Maha Karuna&#8220;: <a href=\"https:\/\/www.kreisquadratur.at\/wordpress\/wp-content\/uploads\/2015\/09\/Szenenleseprobe_Maha_Karuna.pdf\">Szenenleseprobe_Maha_Karuna<\/a><\/p>\n<p style=\"text-align: justify;\">Zur Klang\u00e4sthetik des absurd-tragischkomischen Musik- und Performancetheaterst\u00fcckes hier einige H\u00f6rproben:<\/p>\n<p><iframe loading=\"lazy\" title=\"Theater KreisQuadratur\" width=\"980\" height=\"450\" scrolling=\"no\" frameborder=\"no\" src=\"https:\/\/w.soundcloud.com\/player\/?visual=true&#038;url=https%3A%2F%2Fapi.soundcloud.com%2Fusers%2F157975804&#038;show_artwork=true&#038;maxwidth=980&#038;maxheight=1000&#038;dnt=1\"><\/iframe><\/p>\n","protected":false},"excerpt":{"rendered":"<p>Ein H\u00f6rtheaterst\u00fcck von Theater KreisQuadratur K: Katrin Grumeth stumme Figur: Wanda Buschmann | Gesang: Gloria Amesbauer | Stimme aus dem Radio: Julia Cencig | Konzept\/Musik\/Regie: Michael Renath | Text\/Dramaturgie: Tanja Peball | B\u00fchne\/ Raum: Hanno Fr\u00f6hlich | Toneinrichtung\/Tontechnik: Sabrina Makula | Kost\u00fcm: Wanda Buschmann | Maske: Julia Gajdul | Regieassistentin: Anna Flament | Teamassistenz: Cornelia [&hellip;]<\/p>\n","protected":false},"author":1,"featured_media":0,"parent":0,"menu_order":0,"comment_status":"closed","ping_status":"closed","template":"","meta":{"_coblocks_attr":"","_coblocks_dimensions":"","_coblocks_responsive_height":"","_coblocks_accordion_ie_support":"","footnotes":""},"class_list":["post-263","page","type-page","status-publish","hentry"],"_links":{"self":[{"href":"https:\/\/www.kreisquadratur.at\/wordpress\/index.php?rest_route=\/wp\/v2\/pages\/263","targetHints":{"allow":["GET"]}}],"collection":[{"href":"https:\/\/www.kreisquadratur.at\/wordpress\/index.php?rest_route=\/wp\/v2\/pages"}],"about":[{"href":"https:\/\/www.kreisquadratur.at\/wordpress\/index.php?rest_route=\/wp\/v2\/types\/page"}],"author":[{"embeddable":true,"href":"https:\/\/www.kreisquadratur.at\/wordpress\/index.php?rest_route=\/wp\/v2\/users\/1"}],"replies":[{"embeddable":true,"href":"https:\/\/www.kreisquadratur.at\/wordpress\/index.php?rest_route=%2Fwp%2Fv2%2Fcomments&post=263"}],"version-history":[{"count":45,"href":"https:\/\/www.kreisquadratur.at\/wordpress\/index.php?rest_route=\/wp\/v2\/pages\/263\/revisions"}],"predecessor-version":[{"id":608,"href":"https:\/\/www.kreisquadratur.at\/wordpress\/index.php?rest_route=\/wp\/v2\/pages\/263\/revisions\/608"}],"wp:attachment":[{"href":"https:\/\/www.kreisquadratur.at\/wordpress\/index.php?rest_route=%2Fwp%2Fv2%2Fmedia&parent=263"}],"curies":[{"name":"wp","href":"https:\/\/api.w.org\/{rel}","templated":true}]}}