{"id":190,"date":"2015-01-21T16:38:51","date_gmt":"2015-01-21T14:38:51","guid":{"rendered":"http:\/\/www.kreisquadratur.at\/wordpress\/?page_id=190"},"modified":"2021-07-07T23:27:46","modified_gmt":"2021-07-07T21:27:46","slug":"der-ueberkritische-zustand-2","status":"publish","type":"page","link":"https:\/\/www.kreisquadratur.at\/wordpress\/?page_id=190","title":{"rendered":"&#8222;Der \u00fcberkritische Zustand &#8230;&#8220;"},"content":{"rendered":"<p style=\"padding-left: 60px; text-align: justify;\">\u201cDer \u00fcberkritische Zustand f\u00e4llt immer in seinen unterkritischen zur\u00fcck\u201d basiert auf einem Lehrsatz aus der Kybernetik und Thermodynamik und dient unserer Performance als Basis und Ausgangspunkt. In acht Bildern und Szenen \u2013 verwoben mit Musik und theoretischen Texten \u2013 setzen wir uns mit dem Zustand des Systems \u201cGesellschaft\u201d und der Position des\/der Einzelnen innerhalb dieses komplexen Gef\u00fcges, das st\u00e4ndiger \u00c4nderung und Erneuerung unterworfen ist, auseinander.<\/p>\n<div class=\"wpview-body\" contenteditable=\"false\">\n<div class=\"wpview-content wpview-type-gallery\">\n<div class=\"gallery gallery-columns-4\">\n<dl class=\"gallery-item\">\n<dt class=\"gallery-icon\"><img loading=\"lazy\" decoding=\"async\" src=\"https:\/\/www.kreisquadratur.at\/wordpress\/wp-content\/uploads\/2015\/01\/Bild-6_2-150x150.jpg\" alt=\"\" width=\"150\" height=\"150\" \/><\/dt>\n<\/dl>\n<dl class=\"gallery-item\">\n<dt class=\"gallery-icon\"><img loading=\"lazy\" decoding=\"async\" src=\"https:\/\/www.kreisquadratur.at\/wordpress\/wp-content\/uploads\/2015\/01\/Bild-1_2-150x150.jpg\" alt=\"\" width=\"150\" height=\"150\" \/><\/dt>\n<\/dl>\n<dl class=\"gallery-item\">\n<dt class=\"gallery-icon\"><img loading=\"lazy\" decoding=\"async\" src=\"https:\/\/www.kreisquadratur.at\/wordpress\/wp-content\/uploads\/2015\/01\/Bild-1-150x150.jpg\" alt=\"\" width=\"150\" height=\"150\" \/><\/dt>\n<\/dl>\n<dl class=\"gallery-item\">\n<dt class=\"gallery-icon\"><img loading=\"lazy\" decoding=\"async\" src=\"https:\/\/www.kreisquadratur.at\/wordpress\/wp-content\/uploads\/2015\/01\/Bild-4-150x150.jpg\" alt=\"\" width=\"150\" height=\"150\" \/><\/dt>\n<\/dl>\n<dl class=\"gallery-item\">\n<dt class=\"gallery-icon\"><img loading=\"lazy\" decoding=\"async\" src=\"https:\/\/www.kreisquadratur.at\/wordpress\/wp-content\/uploads\/2015\/01\/Bild-4_2-150x150.jpg\" alt=\"\" width=\"150\" height=\"150\" \/><\/dt>\n<\/dl>\n<dl class=\"gallery-item\">\n<dt class=\"gallery-icon\"><img loading=\"lazy\" decoding=\"async\" src=\"https:\/\/www.kreisquadratur.at\/wordpress\/wp-content\/uploads\/2015\/01\/Bild-5-150x150.jpg\" alt=\"\" width=\"150\" height=\"150\" \/><\/dt>\n<\/dl>\n<dl class=\"gallery-item\">\n<dt class=\"gallery-icon\"><img loading=\"lazy\" decoding=\"async\" src=\"https:\/\/www.kreisquadratur.at\/wordpress\/wp-content\/uploads\/2015\/01\/Bild-2-150x150.jpg\" alt=\"\" width=\"150\" height=\"150\" \/><\/dt>\n<\/dl>\n<dl class=\"gallery-item\">\n<dt class=\"gallery-icon\"><img loading=\"lazy\" decoding=\"async\" src=\"https:\/\/www.kreisquadratur.at\/wordpress\/wp-content\/uploads\/2015\/01\/Bild-5_2-150x150.jpg\" alt=\"\" width=\"150\" height=\"150\" \/><\/dt>\n<\/dl>\n<dl class=\"gallery-item\">\n<dt class=\"gallery-icon\"><img loading=\"lazy\" decoding=\"async\" src=\"https:\/\/www.kreisquadratur.at\/wordpress\/wp-content\/uploads\/2015\/01\/Bild-2_2-150x150.jpg\" alt=\"\" width=\"150\" height=\"150\" \/><\/dt>\n<\/dl>\n<dl class=\"gallery-item\">\n<dt class=\"gallery-icon\"><img loading=\"lazy\" decoding=\"async\" src=\"https:\/\/www.kreisquadratur.at\/wordpress\/wp-content\/uploads\/2015\/01\/Bild-3-150x150.jpg\" alt=\"\" width=\"150\" height=\"150\" \/><\/dt>\n<\/dl>\n<dl class=\"gallery-item\">\n<dt class=\"gallery-icon\"><img loading=\"lazy\" decoding=\"async\" src=\"https:\/\/www.kreisquadratur.at\/wordpress\/wp-content\/uploads\/2015\/01\/Bild-6-e1420617756437-150x150.jpg\" alt=\"\" width=\"150\" height=\"150\" \/><\/dt>\n<\/dl>\n<dl class=\"gallery-item\">\n<dt class=\"gallery-icon\"><img loading=\"lazy\" decoding=\"async\" src=\"https:\/\/www.kreisquadratur.at\/wordpress\/wp-content\/uploads\/2015\/01\/Bild-3_2-150x150.jpg\" alt=\"\" width=\"150\" height=\"150\" \/><\/dt>\n<\/dl>\n<\/div>\n<\/div>\n<\/div>\n<p style=\"padding-left: 60px; text-align: justify;\">Die zunehmende Komplexit\u00e4t und Verkomplizierung von Kommunikation und Beziehungen im System Gesellschaft, die daraus resultierende \u201cVereinzelung\u201d der Menschen bei gleichzeitiger gesellschaftlicher Normierung als \u201cAbsurdit\u00e4t des Realen\u201d sowie die Frage nach dem Energieaufwand, der unter diesen Umst\u00e4nden f\u00fcr das Herstellen eines \u201cgelungenen Lebens\u201d bzw. \u201cgelungener Kommunikation\u201d notwendig ist, ist ein zentraler Punkt dieser Performance.<\/p>\n<p style=\"padding-left: 60px; text-align: justify;\">Mit verschiedenen Stilmitteln m\u00f6chten wir mit Musik\/Text\/Collage\/Bildern Situationen herstellen, die beim Publikum ein Gef\u00fchl der Befremdlichkeit und ein Nachdenken \u00fcber die eigene Position, ein Auseinandersetzen mit der eigenen Realit\u00e4t erzeugen sollen.<\/p>\n<p style=\"padding-left: 60px; text-align: justify;\">Dazu haben wir im Oktober 2014 einen Trailer gedreht der unter <a href=\"http:\/\/vimeo.com\/104871608\">http:\/\/vimeo.com\/104871608<\/a> zu sehen ist. Weitere Videos unter <a href=\"http:\/\/vimeo.com\/111059841\">http:\/\/vimeo.com\/111059841<\/a> und <a href=\"http:\/\/vimeo.com\/110092194\">http:\/\/vimeo.com\/110092194<\/a>.<\/p>\n<p style=\"padding-left: 60px; text-align: justify;\"><strong>Susanne Lindlar<\/strong> Regie, Konzept<br \/>\n<strong>Michael Renath<\/strong> Idee, Musik und musikalische Leitung<br \/>\n<strong>Susanne Lindlar, Tanja Peball<\/strong> Texte<br \/>\n<strong>Tanja Peball<\/strong> Dramaturgie und PR<br \/>\n<strong>Carina Kerschbaumer, Patrick Schmidt<\/strong> Projektionen, Licht, Technik<\/p>\n<p style=\"padding-left: 60px; text-align: justify;\">DarstellerInnen<br \/>\n<strong>Tina Haller<\/strong><br \/>\n<strong>Andrea K\u00f6hler<\/strong><br \/>\n<strong>Sebastian Kn\u00f6zinger<\/strong><br \/>\n<strong>Martin Zoglmann<\/strong><\/p>\n","protected":false},"excerpt":{"rendered":"<p>\u201cDer \u00fcberkritische Zustand f\u00e4llt immer in seinen unterkritischen zur\u00fcck\u201d basiert auf einem Lehrsatz aus der Kybernetik und Thermodynamik und dient unserer Performance als Basis und Ausgangspunkt. In acht Bildern und Szenen \u2013 verwoben mit Musik und theoretischen Texten \u2013 setzen wir uns mit dem Zustand des Systems \u201cGesellschaft\u201d und der Position des\/der Einzelnen innerhalb dieses [&hellip;]<\/p>\n","protected":false},"author":1,"featured_media":0,"parent":0,"menu_order":0,"comment_status":"closed","ping_status":"closed","template":"","meta":{"_coblocks_attr":"","_coblocks_dimensions":"","_coblocks_responsive_height":"","_coblocks_accordion_ie_support":"","footnotes":""},"class_list":["post-190","page","type-page","status-publish","hentry"],"_links":{"self":[{"href":"https:\/\/www.kreisquadratur.at\/wordpress\/index.php?rest_route=\/wp\/v2\/pages\/190","targetHints":{"allow":["GET"]}}],"collection":[{"href":"https:\/\/www.kreisquadratur.at\/wordpress\/index.php?rest_route=\/wp\/v2\/pages"}],"about":[{"href":"https:\/\/www.kreisquadratur.at\/wordpress\/index.php?rest_route=\/wp\/v2\/types\/page"}],"author":[{"embeddable":true,"href":"https:\/\/www.kreisquadratur.at\/wordpress\/index.php?rest_route=\/wp\/v2\/users\/1"}],"replies":[{"embeddable":true,"href":"https:\/\/www.kreisquadratur.at\/wordpress\/index.php?rest_route=%2Fwp%2Fv2%2Fcomments&post=190"}],"version-history":[{"count":2,"href":"https:\/\/www.kreisquadratur.at\/wordpress\/index.php?rest_route=\/wp\/v2\/pages\/190\/revisions"}],"predecessor-version":[{"id":225,"href":"https:\/\/www.kreisquadratur.at\/wordpress\/index.php?rest_route=\/wp\/v2\/pages\/190\/revisions\/225"}],"wp:attachment":[{"href":"https:\/\/www.kreisquadratur.at\/wordpress\/index.php?rest_route=%2Fwp%2Fv2%2Fmedia&parent=190"}],"curies":[{"name":"wp","href":"https:\/\/api.w.org\/{rel}","templated":true}]}}