{"id":187,"date":"2015-01-21T16:33:28","date_gmt":"2015-01-21T14:33:28","guid":{"rendered":"http:\/\/www.kreisquadratur.at\/wordpress\/?page_id=187"},"modified":"2021-07-07T23:28:27","modified_gmt":"2021-07-07T21:28:27","slug":"solipsismen-oder-die-isolation-der-einsamkeit","status":"publish","type":"page","link":"https:\/\/www.kreisquadratur.at\/wordpress\/?page_id=187","title":{"rendered":"Solipsismen \u2013 rien ne va plus"},"content":{"rendered":"<div id=\"main\">\n<div class=\"col-width\">\n<div id=\"primary\">\n<div id=\"content\">\n<article id=\"post-234\" class=\"post-234 post type-post status-publish format-image has-post-thumbnail hentry category-allgemein post_format-post-format-image\">\n<div class=\"entry-content\">\n<p>&nbsp;<\/p>\n<p><a href=\"https:\/\/www.kreisquadratur.at\/wordpress\/wp-content\/uploads\/2015\/03\/Tangoflyer_v2.pdf\">\u201eSolipsismen \u2013 rien ne va plus\u201c<\/a> \u2013\u201eSolipsismen \u2013 rien ne va plus\u201c \u2013 ein performativer Abend mit Kurzst\u00fccken und St\u00fcckfragmenten zum Thema Einsamkeit, Isolation, Anfangen und Beenden und Allem was dazwischen liegen kann. Erg\u00e4nzt und kontrastiert von Tangokompositionen, Sounds und Ger\u00e4uschen, die das Ereignis zu einem intensiven Textklangk\u00f6rper formen werden.<\/p>\n<p>20. M\u00e4rz um 20.00 im Literaturhaus Graz, Elisabethstrasse 30<\/p>\n<p>Es lesen: Tina Haller und Heinrich Baumgartner<\/p>\n<p>Kompositionen und Livemusik: Michael Renath<br \/>\nTexte, Dramaturgie und Projektionen: Tanja Peball<br \/>\nLicht- und Tontechnik: Sabrina Makula<br \/>\nGrafik, Gastrotherapie, etc.: Hanno Fr\u00f6hlich<\/p>\n<\/div>\n<\/article>\n<\/div>\n<\/div>\n<\/div>\n<\/div>\n","protected":false},"excerpt":{"rendered":"<p>&nbsp; \u201eSolipsismen \u2013 rien ne va plus\u201c \u2013\u201eSolipsismen \u2013 rien ne va plus\u201c \u2013 ein performativer Abend mit Kurzst\u00fccken und St\u00fcckfragmenten zum Thema Einsamkeit, Isolation, Anfangen und Beenden und Allem was dazwischen liegen kann. Erg\u00e4nzt und kontrastiert von Tangokompositionen, Sounds und Ger\u00e4uschen, die das Ereignis zu einem intensiven Textklangk\u00f6rper formen werden. 20. M\u00e4rz um 20.00 [&hellip;]<\/p>\n","protected":false},"author":1,"featured_media":0,"parent":0,"menu_order":0,"comment_status":"closed","ping_status":"closed","template":"","meta":{"_coblocks_attr":"","_coblocks_dimensions":"","_coblocks_responsive_height":"","_coblocks_accordion_ie_support":"","footnotes":""},"class_list":["post-187","page","type-page","status-publish","hentry"],"_links":{"self":[{"href":"https:\/\/www.kreisquadratur.at\/wordpress\/index.php?rest_route=\/wp\/v2\/pages\/187","targetHints":{"allow":["GET"]}}],"collection":[{"href":"https:\/\/www.kreisquadratur.at\/wordpress\/index.php?rest_route=\/wp\/v2\/pages"}],"about":[{"href":"https:\/\/www.kreisquadratur.at\/wordpress\/index.php?rest_route=\/wp\/v2\/types\/page"}],"author":[{"embeddable":true,"href":"https:\/\/www.kreisquadratur.at\/wordpress\/index.php?rest_route=\/wp\/v2\/users\/1"}],"replies":[{"embeddable":true,"href":"https:\/\/www.kreisquadratur.at\/wordpress\/index.php?rest_route=%2Fwp%2Fv2%2Fcomments&post=187"}],"version-history":[{"count":11,"href":"https:\/\/www.kreisquadratur.at\/wordpress\/index.php?rest_route=\/wp\/v2\/pages\/187\/revisions"}],"predecessor-version":[{"id":464,"href":"https:\/\/www.kreisquadratur.at\/wordpress\/index.php?rest_route=\/wp\/v2\/pages\/187\/revisions\/464"}],"wp:attachment":[{"href":"https:\/\/www.kreisquadratur.at\/wordpress\/index.php?rest_route=%2Fwp%2Fv2%2Fmedia&parent=187"}],"curies":[{"name":"wp","href":"https:\/\/api.w.org\/{rel}","templated":true}]}}